{"id":123,"date":"2025-02-15T10:58:27","date_gmt":"2025-02-15T09:58:27","guid":{"rendered":"https:\/\/www.anteros-immobilier.fr\/?page_id=123"},"modified":"2025-02-15T11:07:10","modified_gmt":"2025-02-15T10:07:10","slug":"mentions-legales","status":"publish","type":"page","link":"https:\/\/www.anteros-immobilier.fr\/index.php\/mentions-legales\/","title":{"rendered":"Mentions l\u00e9gales"},"content":{"rendered":"\n<div class=\"wp-block-columns alignwide is-layout-flex wp-container-core-columns-is-layout-28f84493 wp-block-columns-is-layout-flex\">\n<div class=\"wp-block-column is-layout-flow wp-block-column-is-layout-flow\" style=\"flex-basis:100%\">\n<\/p>\n\n\n\n<p>Propri\u00e9taire du site :<br>ANTEROS IMMOBILIER<br>38 Rue de l\u2019\u00e9glise<br>75015 Paris<\/p>\n\n\n\n<p>Email : contact@anteros-immobilier.fr<br>Siret : 83359302300025<br>RCS&nbsp;: Paris B 833 593 023<br>N\u00b0 TVA Intra : FR62833593023<br>Forme juridique : SAS<br>Capital social : 1 000 \u20ac<br>Carte T : N\u00b0CPI75012022000000614<\/p>\n\n\n\n<p>Directrice de la publication : Mme Sandrine FRUCHART<\/p>\n\n\n\n<p>ANTEROS IMMOBILIER<br>L&rsquo;\u00e9diteur s&rsquo;engage \u00e0 respecter l&rsquo;ensemble des lois concernant la mise en place et l&rsquo;activit\u00e9 d&rsquo;un site Internet.<\/p>\n\n\n\n<p>Site h\u00e9berg\u00e9 en France chez :<\/p>\n\n\n\n<p>OVH &#8211; France<\/p>\n\n\n\n<p>Conception<\/p>\n\n\n\n<p>Sandrine Fruchart<\/p>\n\n\n\n<p>Vous \u00eates actuellement connect\u00e9 au site www. https:\/\/www.anteros-immobilier.fr\/.<br>L\u2019utilisateur, en ayant acc\u00e8s \u00e0 ce site, s\u2019engage \u00e0 se conformer aux pr\u00e9sentes conditions d\u2019utilisation.<\/p>\n\n\n\n<p>Information \u00e9diteur :<br>La responsabilit\u00e9 de l\u2019\u00e9dition de ce site sera port\u00e9e par la Directrice de ANTEROS IMMOBILIER.<\/p>\n\n\n\n<p>Informatique et Libert\u00e9s :<br>Conform\u00e9ment \u00e0 la loi n\u00b0 78-17 du 6 janvier 1978, relative \u00e0 l\u2019informatique, aux fichiers et aux libert\u00e9s (dite \u201cInformatique et Libert\u00e9s\u201d), ce site a fait l\u2019objet d\u2019une d\u00e9claration \u00e0 la CNIL via la soci\u00e9t\u00e9 , soci\u00e9t\u00e9 \u00e9ditrice de la solution informatique utilis\u00e9e pour ce site.<br>Le d\u00e9l\u00e9gu\u00e9 \u00e0 la protection des donn\u00e9es a pour mission de veiller au respect de la r\u00e9glementation et des r\u00e8gles d\u00e9crites dans le pr\u00e9sent document.<\/p>\n\n\n\n<p>Exercice du droit d\u2019acc\u00e8s :<br>Conform\u00e9ment \u00e0 l\u2019article 34 de la Loi Informatique et Libert\u00e9s, vous disposez d\u2019un droit d\u2019acc\u00e8s, de modification, de rectification et de suppression des donn\u00e9es qui vous concernent. Pour exercer ce droit d\u2019acc\u00e8s, cliquez ici. Pour plus d\u2019informations sur la loi Informatique et Libert\u00e9s, vous pouvez consulter le site Internet de la CNIL.<\/p>\n\n\n\n<p>Droits d\u2019auteur \/ Copyright :<br>L\u2019ensemble des informations pr\u00e9sentes sur ce site peut \u00eatre t\u00e9l\u00e9charg\u00e9, reproduit, imprim\u00e9 sous r\u00e9serve de :<br>\u2022 n\u2019utiliser de telles informations qu\u2019\u00e0 des fins personnelles et en aucune mani\u00e8re \u00e0 des fins commerciales ;<br>\u2022 ne pas modifier de telles informations ;<br>\u2022 reproduire sur toutes copies la mention des droits d\u2019auteur (\u201cle copyright\u201d) contact@anteros-immobilier.fr.<br>Toute autre utilisation non express\u00e9ment autoris\u00e9e est strictement interdite sans autorisation pr\u00e9alable et \u00e9crite de ANTEROS IMMOBILIER..<\/p>\n\n\n\n<p>Responsabilit\u00e9 :<br>L\u2019ensemble des informations accessibles via ce site est fourni en l\u2019\u00e9tat. ANTEROS IMMOBILIER ne donne aucune garantie, explicite ou implicite, et n\u2019assume aucune responsabilit\u00e9 relative \u00e0 l\u2019utilisation de ces informations. L\u2019utilisateur est seul responsable de l\u2019utilisation de telles informations. ANTEROS IMMOBILIER se r\u00e9serve le droit de modifier \u00e0 tout moment les pr\u00e9sentes notamment en actualisant ce site. ANTEROS IMMOBILIER ne pourra \u00eatre responsable pour quelque dommage que ce soit tant direct qu\u2019indirect, r\u00e9sultant d\u2019une information contenue sur ce site. L\u2019utilisateur s\u2019engage \u00e0 ne transmettre sur ce site aucune information pouvant entra\u00eener une responsabilit\u00e9 civile ou p\u00e9nale et s\u2019engage \u00e0 ce titre \u00e0 ne pas divulguer via ce site des informations ill\u00e9gales, contraires \u00e0 l\u2019ordre public ou diffamatoires. Les sites ext\u00e9rieurs ayant un lien hypertexte avec le pr\u00e9sent site ne sont pas sous contr\u00f4le de ANTEROS IMMOBILIER qui d\u00e9cline par cons\u00e9quent toute responsabilit\u00e9 quant \u00e0 leur contenu. L\u2019utilisateur est seul responsable de leur utilisation.<\/p>\n\n\n\n<p>Cookies<br>Lors de la consultation de notre site, des informations sont susceptibles d\u2019\u00eatre enregistr\u00e9es dans des fichiers \u00ab cookies \u00bb install\u00e9s dans votre ordinateur, tablette ou t\u00e9l\u00e9phone mobile.<br>Cette page permet de comprendre ce qu\u2019est un cookie, \u00e0 quoi il sert et comment on peut le param\u00e9trer.<\/p>\n\n\n\n<p>1. Qu\u2019est-ce qu\u2019un cookie ?<br>Un cookie est un fichier texte susceptible d\u2019\u00eatre enregistr\u00e9, sous r\u00e9serve de vos choix, dans un espace d\u00e9di\u00e9 du disque dur de votre terminal, \u00e0 l\u2019occasion de la consultation d\u2019un service en ligne gr\u00e2ce \u00e0 votre logiciel de navigation.<br>Un fichier cookie permet \u00e0 son \u00e9metteur d\u2019identifier le terminal dans lequel il est enregistr\u00e9, pendant la dur\u00e9e de validit\u00e9 du cookie.<\/p>\n\n\n\n<p>2. \u00c0 quoi servent les cookies \u00e9mis sur notre site ?<br>Les cookies utilis\u00e9s sur notre site permettent d\u2019identifier les services et rubriques que l\u2019utilisateur a visit\u00e9s, et plus g\u00e9n\u00e9ralement son comportement en mati\u00e8re de visites.<br>Ces informations sont utiles pour mieux personnaliser les services, contenus, offres et banni\u00e8res qui apparaissent sur notre site et facilitent votre navigation sur notre site.<br>Des cookies sont \u00e9galement n\u00e9cessaires au bon fonctionnement de certains services ou encore pour mesurer leur audience.<br>Des cookies sont \u00e9galement susceptibles d\u2019\u00eatre inclus dans les espaces publicitaires de notre site. Certaines informations non identifiantes peuvent \u00eatre adress\u00e9es \u00e0 des tiers pour leur permettre d\u2019adapter leurs contenus.<\/p>\n\n\n\n<p>2.1 Les cookies que nous \u00e9mettons sur notre site :<br>Lorsque vous vous connectez \u00e0 notre site, nous pouvons \u00eatre amen\u00e9s, sous r\u00e9serve de vos choix, \u00e0 installer divers cookies dans votre terminal nous permettant de reconna\u00eetre le navigateur de votre terminal pendant la dur\u00e9e de validit\u00e9 du cookie concern\u00e9.<br>Les cookies que nous \u00e9mettons sont utilis\u00e9s aux fins d\u00e9crites ci-dessous, sous r\u00e9serve de vos choix qui r\u00e9sultent des param\u00e8tres de votre logiciel de navigation utilis\u00e9 lors de la visite de notre site.<br>Les cookies nous permettent de :<\/p>\n\n\n\n<p>1. Faciliter votre navigation sur notre site :<br>en adaptant la pr\u00e9sentation de notre site aux pr\u00e9f\u00e9rences d\u2019affichage de votre terminal (langue utilis\u00e9e, r\u00e9solution d\u2019affichage, syst\u00e8me d\u2019exploitation utilis\u00e9, etc.) lors de vos visites sur notre site, selon les mat\u00e9riels et les logiciels de visualisation ou de lecture que votre terminal comporte,<br>\u2022 en m\u00e9morisant des informations relatives \u00e0 un formulaire que vous avez rempli sur notre site (inscription ou acc\u00e8s \u00e0 votre compte) ou \u00e0 des produits, services ou informations que vous avez choisis sur notre site (service souscrit, contenu consult\u00e9, etc.).<br>\u2022 en vous permettant d\u2019acc\u00e9der \u00e0 des espaces r\u00e9serv\u00e9s et personnels de notre site, tels que votre compte, gr\u00e2ce \u00e0 des identifiants ou des donn\u00e9es que vous nous avez \u00e9ventuellement ant\u00e9rieurement confi\u00e9s et<br>\u2022 en mettant en \u0153uvre des mesures de s\u00e9curit\u00e9.<\/p>\n\n\n\n<p>2. Am\u00e9liorer nos services :<br>Ces cookies permettent d\u2019\u00e9tablir des statistiques et volume de fr\u00e9quentation et d\u2019utilisation des divers \u00e9l\u00e9ments composant notre site (rubriques et contenus visit\u00e9, parcours \u2026) afin d\u2019am\u00e9liorer l\u2019int\u00e9r\u00eat et l\u2019ergonomie de nos services.<\/p>\n\n\n\n<p>3. Dur\u00e9e de validit\u00e9 des cookies<br>Les cookies que nous \u00e9mettons sont configur\u00e9s pour une dur\u00e9e de validit\u00e9 de 13 (treize) mois.<\/p>\n\n\n\n<p>4. Vos choix concernant les cookies<br>Plusieurs possibilit\u00e9s vous sont offertes pour g\u00e9rer les cookies. Tout param\u00e9trage que vous pouvez entreprendre sera susceptible de modifier votre navigation sur Internet et notre site ainsi que vos conditions d\u2019acc\u00e8s \u00e0 certains services n\u00e9cessitant l\u2019utilisation de cookies.<br>Si vous n\u2019acceptez pas l\u2019enregistrement de cookies dans votre terminal, ou si vous supprimez ceux qui y sont enregistr\u00e9s, vous ne pourrez plus b\u00e9n\u00e9ficier d\u2019un certain nombre de fonctionnalit\u00e9s n\u00e9cessaires pour naviguer dans certains espaces de notre site.<br>Tel serait le cas si vous tentiez d\u2019acc\u00e9der \u00e0 nos contenus ou services qui n\u00e9cessitent de vous identifier.<br>Tel serait \u00e9galement le cas lorsque nous -ou nos prestataires- ne pourrions pas reconna\u00eetre, \u00e0 des fins de compatibilit\u00e9 technique, le type de navigateur utilis\u00e9 par votre terminal, ses param\u00e8tres de langue et d\u2019affichage ou le pays depuis lequel votre terminal semble connect\u00e9 \u00e0 Internet.<br>Le cas \u00e9ch\u00e9ant, nous d\u00e9clinons toute responsabilit\u00e9 pour les cons\u00e9quences li\u00e9es au fonctionnement d\u00e9grad\u00e9 de nos services r\u00e9sultant de l\u2019impossibilit\u00e9 pour nous d\u2019enregistrer ou de consulter les cookies n\u00e9cessaires \u00e0 leur fonctionnement et que vous auriez refus\u00e9s ou supprim\u00e9s.<br>Vous pouvez faire le choix \u00e0 tout moment d\u2019exprimer et de modifier vos souhaits en mati\u00e8re de cookies, par les moyens d\u00e9crits ci-dessous.<\/p>\n\n\n\n<p>4.1. Refuser un cookie par l\u2019interm\u00e9diaire de votre logiciel de navigation<br>Vous pouvez configurer votre logiciel de navigation de mani\u00e8re \u00e0 ce que des cookies soient enregistr\u00e9s dans votre terminal ou, au contraire, qu\u2019ils soient rejet\u00e9s, soit syst\u00e9matiquement, soit selon leur \u00e9metteur. Vous pouvez \u00e9galement configurer votre logiciel de navigation de mani\u00e8re \u00e0 ce que l\u2019acceptation ou le refus des cookies vous soient propos\u00e9s ponctuellement, avant qu\u2019un cookie soit susceptible d\u2019\u00eatre enregistr\u00e9 dans votre terminal.<br>Pour la gestion des cookies et de vos choix, la configuration de chaque navigateur est diff\u00e9rente. Elle est d\u00e9crite dans le menu d\u2019aide de votre navigateur, qui vous permettra de savoir de quelle mani\u00e8re modifier vos souhaits en mati\u00e8re de cookies.<br>Pour plus d\u2019information : http:\/\/www.cnil.fr\/vos-droits\/vos-traces\/les-cookies\/conseils-aux-internautes\/<\/p>\n\n\n\n<p>Par exemple :<\/p>\n\n\n\n<p>Pour Internet Explorer : http:\/\/windows.microsoft.com\/fr-FR\/windows-vista\/Block-or-allow-cookies<br>Pour Firefox : https:\/\/support.mozilla.org\/fr\/kb\/autoriser-bloquer-cookies-preferences-sites?redirectlocale=fr&amp;redirectslug=activer-desactiver-cookies<br>Pour Safari : https:\/\/www.apple.com\/legal\/privacy\/fr-ww\/cookies\/<br>Pour Google Chrome : https:\/\/support.google.com\/chrome\/answer\/95647?hl=fr&amp;hlrm=en<br>Pour Opera\u2122 : https:\/\/help.opera.com\/en\/faq\/<\/p>\n\n\n\n<p>4.2. Refuser un cookie publicitaire<br>Vous pouvez g\u00e9rer l\u2019utilisation et l\u2019exploitation de ces cookies en vous rendant sur la plateforme de gestion des cookies publicitaires propos\u00e9e par les professionnels de la publicit\u00e9 : http:\/\/www.youronlinechoices.com\/fr\/controler-ses-cookies\/ et en suivant les instructions qui y sont donn\u00e9es. Vous pourrez ainsi conna\u00eetre les entreprises inscrites \u00e0 cette plateforme, lesquelles vous offrent la possibilit\u00e9 de refuser ou accepter les cookies utilis\u00e9s par elles pour adapter \u00e0 vos informations de navigation, les publicit\u00e9s susceptibles d\u2019\u00eatre affich\u00e9es.<\/p>\n\n\n\n<p>4.3. Refuser un cookie \u00e9mis par un r\u00e9seau social :<br>Si vous ne souhaitez pas que notre site enregistre des cookies \u00e9mis par un r\u00e9seau social, vous pouvez cliquer sur les liens de d\u00e9sactivation suivants qui enregistreront au sein de votre navigateur un cookie ayant pour unique objet de les d\u00e9sactiver.<br>D\u00e9sactiver ces cookies emp\u00eachera donc toute interaction avec le ou les r\u00e9seaux sociaux concern\u00e9s :<br>FACEBOOK : https:\/\/www.facebook.com\/help\/360595310676682\/<br>\u2022 TWITTER : https:\/\/support.twitter.com\/articles\/20171379-twitter-prend-en-charge-la-desactivation-du-suivi-dnt#<br>\u2022 GOOGLE+ : https:\/\/support.google.com\/accounts\/answer\/61416?hl=fr<br>\u2022 LINKEDIN : http:\/\/www.linkedin.com\/legal\/cookie-policy<br>\u2022 YAHOO : https:\/\/info.yahoo.com\/privacy\/us\/yahoo\/cookies\/<br>\u2022 YOUTUBE : https:\/\/support.google.com\/accounts\/answer\/61416?hl=fr<\/p>\n\n\n\n<p>En savoir plus sur les cookies : https:\/\/www.cnil.fr\/fr\/cookies-les-outils-pour-les-maitriser<br>A titre d\u2019exemple, pour bloquer Google Analytics, vous pouvez prendre connaissance de la page web de Google ici (afin de bloquer \u00e0 votre propre initiative tout tra\u00e7age men\u00e9 par un site web employant cet outil).<br>Cliquez ici pour vous opposer aux cookies de mesure d\u2019audience de Google.<\/p>\n\n\n\n<p>Messagerie :<br>Pour toute remarque sur le fonctionnement du site, contactez-nous par mail \u00e0 l\u2019adresse contact@anteros-immobilier.fr.<br>Important : Les messages que vous nous ferez parvenir par l\u2019interm\u00e9diaire d\u2019Internet peuvent \u00eatre intercept\u00e9s sur le r\u00e9seau. Jusqu\u2019\u00e0 ce qu\u2019ils nous parviennent, leur confidentialit\u00e9 ne peut \u00eatre garantie.<\/p>\n\n\n\n<p>ANTEROS IMMOBILIER<br>Raison sociale : ANTEROS IMMOBILIER<br>Adresse si\u00e8ge social :<br>38 rue de l\u2019Eglise<br>75015 Paris<br>Email : contact@anteros-immobilier.fr<br>Siret : 83359302300025<br>RCS : Paris B 833 593 023<br>N\u00b0 TVA Intra : FR62833593023<br>Forme juridique : SAS<br>Capital social : 1 000 \u20ac<br>Assurance RCP : NC<\/p>\n\n\n\n<p>Carte T : CPI75012022000000614<br>Date de d\u00e9livrance : 15\/11\/2022<br>Lieu de d\u00e9livrance : CCI Ile de France<br>Caisse de garantie financi\u00e8re : GALIAN.<br>Adresse caisse de garantie : 89 Rue de la Bo\u00e9tie 75008 Paris<br>Montant de la garantie financi\u00e8re : 120 000 \u20ac<br>Assurance&nbsp;: MMA IARD 14 Boulevard Marie Alexandre Oyon 72030 LE MANS CEDEX<\/p>\n<\/div>\n<\/div>\n\n\n\n<div class=\"wp-block-columns is-layout-flex wp-container-core-columns-is-layout-28f84493 wp-block-columns-is-layout-flex\">\n<div class=\"wp-block-column is-layout-flow wp-block-column-is-layout-flow\" style=\"padding-top:0;padding-right:0;padding-bottom:0;padding-left:0\"><\/div>\n<\/div>\n\n\n\n<p><\/p>\n","protected":false},"excerpt":{"rendered":"<p>Propri\u00e9taire du site :ANTEROS IMMOBILIER38 Rue de l\u2019\u00e9glise75015 Paris Email : contact@anteros-immobilier.frSiret : 83359302300025RCS&nbsp;: Paris B 833 593 023N\u00b0 TVA Intra : FR62833593023Forme juridique : SASCapital social : 1 000 \u20acCarte T : N\u00b0CPI75012022000000614 Directrice de la publication : Mme Sandrine FRUCHART ANTEROS IMMOBILIERL&rsquo;\u00e9diteur s&rsquo;engage \u00e0 respecter l&rsquo;ensemble des lois concernant la mise en place [&hellip;]<\/p>\n","protected":false},"author":1,"featured_media":0,"parent":0,"menu_order":0,"comment_status":"closed","ping_status":"closed","template":"","meta":{"footnotes":""},"class_list":["post-123","page","type-page","status-publish","hentry"],"_links":{"self":[{"href":"https:\/\/www.anteros-immobilier.fr\/index.php\/wp-json\/wp\/v2\/pages\/123","targetHints":{"allow":["GET"]}}],"collection":[{"href":"https:\/\/www.anteros-immobilier.fr\/index.php\/wp-json\/wp\/v2\/pages"}],"about":[{"href":"https:\/\/www.anteros-immobilier.fr\/index.php\/wp-json\/wp\/v2\/types\/page"}],"author":[{"embeddable":true,"href":"https:\/\/www.anteros-immobilier.fr\/index.php\/wp-json\/wp\/v2\/users\/1"}],"replies":[{"embeddable":true,"href":"https:\/\/www.anteros-immobilier.fr\/index.php\/wp-json\/wp\/v2\/comments?post=123"}],"version-history":[{"count":3,"href":"https:\/\/www.anteros-immobilier.fr\/index.php\/wp-json\/wp\/v2\/pages\/123\/revisions"}],"predecessor-version":[{"id":132,"href":"https:\/\/www.anteros-immobilier.fr\/index.php\/wp-json\/wp\/v2\/pages\/123\/revisions\/132"}],"wp:attachment":[{"href":"https:\/\/www.anteros-immobilier.fr\/index.php\/wp-json\/wp\/v2\/media?parent=123"}],"curies":[{"name":"wp","href":"https:\/\/api.w.org\/{rel}","templated":true}]}}