{"id":13,"date":"2025-01-28T12:21:12","date_gmt":"2025-01-28T11:21:12","guid":{"rendered":"https:\/\/www.anteros-immobilier.fr\/?page_id=13"},"modified":"2025-02-15T12:15:43","modified_gmt":"2025-02-15T11:15:43","slug":"page-2","status":"publish","type":"page","link":"https:\/\/www.anteros-immobilier.fr\/index.php\/page-2\/","title":{"rendered":"Gestion Locative"},"content":{"rendered":"\n<div class=\"wp-block-columns alignwide is-layout-flex wp-container-core-columns-is-layout-28f84493 wp-block-columns-is-layout-flex\">\n<div class=\"wp-block-column is-layout-flow wp-block-column-is-layout-flow\" style=\"flex-basis:100%\">\n<\/p>\n\n\n\n<p><strong>A<\/strong>nt\u00e9ros propose des services sur-mesure, adapt\u00e9s aux attentes de chaque bailleur et \u00e0 la sp\u00e9cificit\u00e9 leurs biens, en assurant un suivi rigoureux des aspects financiers de la location et de l\u2019\u00e9tat du bien, parce qu\u2019un suivi d\u00e9faillant des demandes d\u2019un locataire peut par exemple causer la d\u00e9valorisation d\u2019un bien.<\/p>\n\n\n\n<p>Afin de pr\u00e9server la valeur des biens confi\u00e9s en gestion, nous nous assurons que les int\u00e9r\u00eats des bailleurs sont pr\u00e9serv\u00e9s lorsque nous les repr\u00e9sentons en Assembl\u00e9es de co-propri\u00e9taires par exemple.<\/p>\n\n\n\n<p>De la maintenance \u00e0 l\u2019encaissement des loyers, en passant par l\u2019\u00e9tablissement du bail, la gestion de la copropri\u00e9t\u00e9, les contraintes administratives et l\u2019aide \u00e0 la recherche de nouveaux locataires, c\u2019est donc e toute s\u00e9r\u00e9nit\u00e9 que vous pourrez vous appuyer sur nos services.<\/p>\n\n\n\n<p>Nos 5 engagements pour la r\u00e9ussite de votre projet :<\/p>\n\n\n\n<ol start=\"1\" class=\"wp-block-list\">\n<li>Analyser votre projet gr\u00e2ce \u00e0 une compr\u00e9hension pr\u00e9cise de vos attentes<\/li>\n\n\n\n<li>Valoriser les points forts de votre bien tout en garantissant transparence et honn\u00eate vis-\u00e0 vis des futurs locataires, pour cr\u00e9er une relation de confiance<\/li>\n\n\n\n<li>Estimer la valeur locative de votre bien de mani\u00e8re r\u00e9aliste<\/li>\n\n\n\n<li>S\u00e9curiser la location en b\u00e9n\u00e9ficiant de notre expertise juridique et comptable<\/li>\n\n\n\n<li>Assurer un suivi constant de la location<\/li>\n<\/ol>\n<\/div>\n<\/div>\n\n\n<\/div>\n<p><!-- \/wp:post-content --><\/p>","protected":false},"excerpt":{"rendered":"<p>Ant\u00e9ros propose des services sur-mesure, adapt\u00e9s aux attentes de chaque bailleur et \u00e0 la sp\u00e9cificit\u00e9 leurs biens, en assurant un suivi rigoureux des aspects financiers de la location et de l\u2019\u00e9tat du bien, parce qu\u2019un suivi d\u00e9faillant des demandes d\u2019un locataire peut par exemple causer la d\u00e9valorisation d\u2019un bien. Afin de pr\u00e9server la valeur des [&hellip;]<\/p>\n","protected":false},"author":1,"featured_media":0,"parent":0,"menu_order":0,"comment_status":"closed","ping_status":"closed","template":"","meta":{"footnotes":""},"class_list":["post-13","page","type-page","status-publish","hentry"],"_links":{"self":[{"href":"https:\/\/www.anteros-immobilier.fr\/index.php\/wp-json\/wp\/v2\/pages\/13","targetHints":{"allow":["GET"]}}],"collection":[{"href":"https:\/\/www.anteros-immobilier.fr\/index.php\/wp-json\/wp\/v2\/pages"}],"about":[{"href":"https:\/\/www.anteros-immobilier.fr\/index.php\/wp-json\/wp\/v2\/types\/page"}],"author":[{"embeddable":true,"href":"https:\/\/www.anteros-immobilier.fr\/index.php\/wp-json\/wp\/v2\/users\/1"}],"replies":[{"embeddable":true,"href":"https:\/\/www.anteros-immobilier.fr\/index.php\/wp-json\/wp\/v2\/comments?post=13"}],"version-history":[{"count":13,"href":"https:\/\/www.anteros-immobilier.fr\/index.php\/wp-json\/wp\/v2\/pages\/13\/revisions"}],"predecessor-version":[{"id":181,"href":"https:\/\/www.anteros-immobilier.fr\/index.php\/wp-json\/wp\/v2\/pages\/13\/revisions\/181"}],"wp:attachment":[{"href":"https:\/\/www.anteros-immobilier.fr\/index.php\/wp-json\/wp\/v2\/media?parent=13"}],"curies":[{"name":"wp","href":"https:\/\/api.w.org\/{rel}","templated":true}]}}