{"id":214,"date":"2025-02-26T19:26:46","date_gmt":"2025-02-26T18:26:46","guid":{"rendered":"https:\/\/www.anteros-immobilier.fr\/?page_id=214"},"modified":"2025-02-26T20:17:39","modified_gmt":"2025-02-26T19:17:39","slug":"le-mot-de-la-presidente","status":"publish","type":"page","link":"https:\/\/www.anteros-immobilier.fr\/index.php\/le-mot-de-la-presidente\/","title":{"rendered":"Le mot de la Pr\u00e9sidente"},"content":{"rendered":"\n<div class=\"wp-block-media-text alignwide has-media-on-the-right is-stacked-on-mobile\" style=\"grid-template-columns:auto 38%\"><div class=\"wp-block-media-text__content\">\n<p>Apr\u00e8s quinze ann\u00e9es \u00e0 travailler au sein d\u2019un cabinet d\u2019expertise comptable puis en accompagnant des petites et moyennes entreprises dans leur gestion administrative et financi\u00e8re, j\u2019ai souhait\u00e9 m\u2019orienter dans l\u2019immobilier.<\/p>\n\n\n\n<p>En tant que comptable, j\u2019ai en effet eu l\u2019occasion de travailler avec plusieurs clients disposant d\u2019un patrimoine immobilier, qu\u2019il soit g\u00e9r\u00e9 en SCI ou soci\u00e9t\u00e9 commerciales, avec des promoteurs immobiliers ou encore des clients qui souhaitaient investir dans des projets d\u2019investissements immobiliers b\u00e9n\u00e9ficiant d\u2019avantages fiscaux.<\/p>\n\n\n\n<p>De cette exp\u00e9rience est n\u00e9 le souhait de d\u00e9velopper une activit\u00e9 immobili\u00e8re, proche des clients, \u00e0 l\u2019\u00e9coute de vos objectifs de gestion, projets de vente ou acquisitions de biens immobiliers en vue de vous aider \u00e0 valoriser au mieux votre patrimoine.<\/p>\n<\/div><figure class=\"wp-block-media-text__media\"><img loading=\"lazy\" decoding=\"async\" width=\"563\" height=\"390\" src=\"https:\/\/www.anteros-immobilier.fr\/wp-content\/uploads\/2025\/02\/9i72mbng.png\" alt=\"\" class=\"wp-image-222 size-full\" srcset=\"https:\/\/www.anteros-immobilier.fr\/wp-content\/uploads\/2025\/02\/9i72mbng.png 563w, https:\/\/www.anteros-immobilier.fr\/wp-content\/uploads\/2025\/02\/9i72mbng-300x208.png 300w\" sizes=\"auto, (max-width: 563px) 100vw, 563px\" \/><\/figure><\/div>\n\n\n\n<hr class=\"wp-block-separator alignwide has-alpha-channel-opacity\"\/>\n\n\n\n<div class=\"wp-block-columns alignwide is-layout-flex wp-container-core-columns-is-layout-28f84493 wp-block-columns-is-layout-flex\">\n<div class=\"wp-block-column is-layout-flow wp-block-column-is-layout-flow\" style=\"flex-basis:33.33%\">\n<figure class=\"wp-block-image size-full\"><img loading=\"lazy\" decoding=\"async\" width=\"740\" height=\"1110\" src=\"https:\/\/www.anteros-immobilier.fr\/wp-content\/uploads\/2025\/02\/plan-rapproche-vertical-personne-qui-pense-acheter-vendre-maison_181624-26538.jpg\" alt=\"\" class=\"wp-image-230\" srcset=\"https:\/\/www.anteros-immobilier.fr\/wp-content\/uploads\/2025\/02\/plan-rapproche-vertical-personne-qui-pense-acheter-vendre-maison_181624-26538.jpg 740w, https:\/\/www.anteros-immobilier.fr\/wp-content\/uploads\/2025\/02\/plan-rapproche-vertical-personne-qui-pense-acheter-vendre-maison_181624-26538-200x300.jpg 200w, https:\/\/www.anteros-immobilier.fr\/wp-content\/uploads\/2025\/02\/plan-rapproche-vertical-personne-qui-pense-acheter-vendre-maison_181624-26538-683x1024.jpg 683w\" sizes=\"auto, (max-width: 740px) 100vw, 740px\" \/><\/figure>\n<\/div>\n\n\n\n<div class=\"wp-block-column is-layout-flow wp-block-column-is-layout-flow\" style=\"flex-basis:66.66%\">\n<p class=\"has-text-color has-link-color wp-elements-9ddabf58bf464037a434f5fc2a13f5b8\" style=\"color:#ed8b2f\"><strong>Notre histoire<\/strong><\/p>\n\n\n\n<p class=\"has-text-color has-link-color wp-elements-cb68839a9357a923565de2f7dd2f85b3\" style=\"color:#10ac08\"><strong>Immobilier sur mesure, de proximit\u00e9<\/strong><\/p>\n\n\n\n<p>Fond\u00e9e en 2017 par deux associ\u00e9es soucieuses d\u2019offrir des services sur mesure \u00e0 des bailleurs et vendeurs souhaitant valoriser leur patrimoine immobilier au c\u0153ur de r\u00e9gions qu\u2019elles connaissent et appr\u00e9cient, <strong><mark style=\"background-color:rgba(0, 0, 0, 0);color:#ed8b2f\" class=\"has-inline-color\">A<\/mark><\/strong><mark style=\"background-color:rgba(0, 0, 0, 0);color:#10ac08\" class=\"has-inline-color\">nt\u00e9ros<\/mark> est une soci\u00e9t\u00e9 qui accompagne les bailleurs et vendeurs dans chacune des \u00e9tapes de leurs projets immobiliers.<\/p>\n\n\n\n<p>Nous sommes implant\u00e9es dans chacune de nos r\u00e9gions de pr\u00e9dilection&nbsp;: L\u2019ile de France, la Normandie, la C\u00f4te d\u2019Azur et plus particuli\u00e8rement le Mentonnais, ainsi que la Corse.<\/p>\n\n\n\n<p>Avec notre portefeuille de biens, nous accompagnons \u00e9galement de futurs locataires, tant pour des locations de courte que longue dur\u00e9e, et futurs acqu\u00e9reurs de biens.<\/p>\n\n\n\n<p><strong><mark style=\"background-color:rgba(0, 0, 0, 0);color:#ed8b2f\" class=\"has-inline-color\">A<\/mark><\/strong><mark style=\"background-color:rgba(0, 0, 0, 0);color:#10ac08\" class=\"has-inline-color\">nt\u00e9ros <\/mark>s\u2019entoure \u00e9galement de partenaires de confiance (banques, notaires, experts comptables, avocats) et d\u2019\u00e9quipes de professionnels reconnus qui nous permettent de vous accompagner dans l\u2019ensemble de vos d\u00e9marches et \u00e0 chacune des \u00e9tapes d\u2019un projet.<\/p>\n\n\n\n<p>Ardent d\u00e9fenseur de principes \u00e9thiques appliqu\u00e9s au quotidien dans nos activit\u00e9s, <strong><mark style=\"background-color:rgba(0, 0, 0, 0);color:#ed8b2f\" class=\"has-inline-color\">A<\/mark><\/strong><mark style=\"background-color:rgba(0, 0, 0, 0);color:#10ac08\" class=\"has-inline-color\">nt\u00e9ros<\/mark> vous assure une totale transparence dans la valorisation de votre bien, qu\u2019il s\u2019agisse d\u2019une location ou d\u2019une vente. Futur locataire ou acqu\u00e9reur, vous serez \u00e9galement rassur\u00e9 par la fiabilit\u00e9 de nos analyses et \u00e9quit\u00e9 dans nos d\u00e9marches, qui vous garantiront s\u00e9r\u00e9nit\u00e9 dans&nbsp;l\u2019acquisition d\u2019un bien ou location.<\/p>\n<\/div>\n<\/div>\n\n\n\n<hr class=\"wp-block-separator alignwide has-alpha-channel-opacity\"\/>\n","protected":false},"excerpt":{"rendered":"<p>Apr\u00e8s quinze ann\u00e9es \u00e0 travailler au sein d\u2019un cabinet d\u2019expertise comptable puis en accompagnant des petites et moyennes entreprises dans leur gestion administrative et financi\u00e8re, j\u2019ai souhait\u00e9 m\u2019orienter dans l\u2019immobilier. En tant que comptable, j\u2019ai en effet eu l\u2019occasion de travailler avec plusieurs clients disposant d\u2019un patrimoine immobilier, qu\u2019il soit g\u00e9r\u00e9 en SCI ou soci\u00e9t\u00e9 [&hellip;]<\/p>\n","protected":false},"author":1,"featured_media":0,"parent":0,"menu_order":0,"comment_status":"closed","ping_status":"closed","template":"","meta":{"footnotes":""},"class_list":["post-214","page","type-page","status-publish","hentry"],"_links":{"self":[{"href":"https:\/\/www.anteros-immobilier.fr\/index.php\/wp-json\/wp\/v2\/pages\/214","targetHints":{"allow":["GET"]}}],"collection":[{"href":"https:\/\/www.anteros-immobilier.fr\/index.php\/wp-json\/wp\/v2\/pages"}],"about":[{"href":"https:\/\/www.anteros-immobilier.fr\/index.php\/wp-json\/wp\/v2\/types\/page"}],"author":[{"embeddable":true,"href":"https:\/\/www.anteros-immobilier.fr\/index.php\/wp-json\/wp\/v2\/users\/1"}],"replies":[{"embeddable":true,"href":"https:\/\/www.anteros-immobilier.fr\/index.php\/wp-json\/wp\/v2\/comments?post=214"}],"version-history":[{"count":10,"href":"https:\/\/www.anteros-immobilier.fr\/index.php\/wp-json\/wp\/v2\/pages\/214\/revisions"}],"predecessor-version":[{"id":234,"href":"https:\/\/www.anteros-immobilier.fr\/index.php\/wp-json\/wp\/v2\/pages\/214\/revisions\/234"}],"wp:attachment":[{"href":"https:\/\/www.anteros-immobilier.fr\/index.php\/wp-json\/wp\/v2\/media?parent=214"}],"curies":[{"name":"wp","href":"https:\/\/api.w.org\/{rel}","templated":true}]}}