{"id":60,"date":"2025-02-06T18:37:44","date_gmt":"2025-02-06T17:37:44","guid":{"rendered":"https:\/\/www.anteros-immobilier.fr\/?page_id=60"},"modified":"2025-02-06T18:37:44","modified_gmt":"2025-02-06T17:37:44","slug":"donnees-personnelles","status":"publish","type":"page","link":"https:\/\/www.anteros-immobilier.fr\/index.php\/donnees-personnelles\/","title":{"rendered":"Donn\u00e9es personnelles"},"content":{"rendered":"\n<div class=\"wp-block-columns alignwide is-layout-flex wp-container-core-columns-is-layout-28f84493 wp-block-columns-is-layout-flex\">\n<div class=\"wp-block-column is-layout-flow wp-block-column-is-layout-flow\" style=\"flex-basis:100%\">\n<\/p>\n\n\n\n<p>D\u00e9finition et nature des donn\u00e9es \u00e0 caract\u00e8re personnel<\/p>\n\n\n\n<p>Lors de votre utilisation de notre site, nous pouvons \u00eatre amen\u00e9s \u00e0 vous demander de nous communiquer des donn\u00e9es \u00e0 caract\u00e8re personnel vous concernant.<br>Le terme \u00ab donn\u00e9es \u00e0 caract\u00e8re personnel \u00bb d\u00e9signe toutes les donn\u00e9es qui permettent d\u2019identifier un individu, ce qui correspond notamment \u00e0 vos nom, pr\u00e9noms, pseudonyme, photographie, adresses postale et de courrier \u00e9lectronique, num\u00e9ros de t\u00e9l\u00e9phone, date de naissance, donn\u00e9es relatives \u00e0 vos transactions sur le site, d\u00e9tails de vos achats et abonnements, num\u00e9ros de carte bancaire, ainsi qu\u2019\u00e0 tout autre renseignement que vous choisirez de nous communiquer \u00e0 votre sujet.<\/p>\n\n\n\n<p>Objet de la page : Politique de Confidentialit\u00e9<br>Cette page a pour objet de vous informer sur les moyens que nous mettons en \u0153uvre pour collecter vos donn\u00e9es \u00e0 caract\u00e8re personnel, dans le respect le plus strict de vos droits.<br>Nous vous indiquons \u00e0 ce sujet que nous nous conformons, dans la collecte et la gestion de vos donn\u00e9es \u00e0 caract\u00e8re personnel, \u00e0 la loi n\u00b0 78-17 du 6 janvier 1978 relative \u00e0 l\u2019informatique, aux fichiers et aux libert\u00e9s, dans sa version actuelle.<\/p>\n\n\n\n<p>Collecte et utilisation des donn\u00e9es \u00e0 caract\u00e8re personnel<br>Vos donn\u00e9es \u00e0 caract\u00e8re personnel sont collect\u00e9es pour r\u00e9pondre \u00e0 une ou plusieurs des finalit\u00e9s suivantes :<\/p>\n\n\n\n<p>Effectuer les op\u00e9rations relatives \u00e0 la gestion des clients concernant les contrats, factures, suivis de la relation avec les clients,<br>Constituer un fichier de clients et prospects,<br>Adresser des newsletters, sollicitations et messages promotionnels. Dans le cas o\u00f9 vous ne le souhaiteriez pas, nous vous donnons la facult\u00e9 d\u2019exprimer votre refus \u00e0 ce sujet lors de la collecte de vos donn\u00e9es,<br>\u00c9laborer des statistiques commerciales et de fr\u00e9quentation de nos services,<br>Organiser des jeux concours, loteries et toutes op\u00e9rations promotionnelles \u00e0 l\u2019exclusion des jeux d\u2019argent et de hasard en ligne soumis \u00e0 l\u2019agr\u00e9ment de l\u2019Autorit\u00e9 de R\u00e9gulation des Jeux en ligne,<br>G\u00e9rer la gestion des avis des personnes sur des services ou contenus,<br>Respecter nos obligations l\u00e9gales et r\u00e9glementaires.<\/p>\n\n\n\n<p>Nous vous informons, lors de la collecte de vos donn\u00e9es personnelles, si certaines donn\u00e9es doivent \u00eatre obligatoirement renseign\u00e9es ou si elles sont facultatives. Nous vous indiquons \u00e9galement quelles sont les cons\u00e9quences \u00e9ventuelles d\u2019un d\u00e9faut de r\u00e9ponse.<\/p>\n\n\n\n<p>Collecte des donn\u00e9es \u00e0 caract\u00e8re personnel<br>Le personnel de notre soci\u00e9t\u00e9 aura acc\u00e8s \u00e0 vos donn\u00e9es \u00e0 caract\u00e8re personnel.<br>Peuvent \u00e9galement \u00eatre destinataires de vos donn\u00e9es \u00e0 caract\u00e8re personnel les organismes publics, exclusivement pour r\u00e9pondre \u00e0 nos obligations l\u00e9gales, les auxiliaires de justice, les officiers minist\u00e9riels et les organismes charg\u00e9s d\u2019effectuer le recouvrement de cr\u00e9ances.<\/p>\n\n\n\n<p>Cession des donn\u00e9es \u00e0 caract\u00e8re personnel<br>Vos donn\u00e9es \u00e0 caract\u00e8re personnel ne feront pas l\u2019objet de cessions, locations ou \u00e9changes au b\u00e9n\u00e9fice de tiers.<\/p>\n\n\n\n<p>Dur\u00e9e de conservation des donn\u00e9es personnelles<br>Vos donn\u00e9es \u00e0 caract\u00e8re personnel ne seront pas conserv\u00e9es au-del\u00e0 de la dur\u00e9e strictement n\u00e9cessaire \u00e0 la gestion de notre relation commerciale avec vous. Toutefois, les donn\u00e9es permettant d\u2019\u00e9tablir la preuve d\u2019un droit ou d\u2019un contrat, devant \u00eatre conserv\u00e9es au titre du respect d\u2019une obligation l\u00e9gale, le seront pendant la dur\u00e9e pr\u00e9vue par la loi en vigueur.<br>Concernant d\u2019\u00e9ventuelles op\u00e9rations de prospection \u00e0 destination des clients, leurs donn\u00e9es pourront \u00eatre conserv\u00e9es pendant un d\u00e9lai de trois ans \u00e0 compter de la fin de la relation commerciale.<br>Les donn\u00e9es \u00e0 caract\u00e8re personnel relatives \u00e0 un prospect, non client, pourront \u00eatre conserv\u00e9es pendant un d\u00e9lai de trois ans \u00e0 compter de leur collecte ou du dernier contact \u00e9manant du prospect.<br>Au terme de ce d\u00e9lai de trois ans, nous pourrons reprendre contact avec vous pour savoir si vous souhaitez continuer \u00e0 recevoir des sollicitations commerciales.<\/p>\n\n\n\n<p>S\u00e9curit\u00e9<br>Nous vous informons prendre toutes pr\u00e9cautions utiles, mesures organisationnelles et techniques appropri\u00e9es pour pr\u00e9server la s\u00e9curit\u00e9, l\u2019int\u00e9grit\u00e9 et la confidentialit\u00e9 de vos donn\u00e9es \u00e0 caract\u00e8re personnel et notamment, emp\u00eacher qu\u2019elles soient d\u00e9form\u00e9es, endommag\u00e9es ou que des tiers non autoris\u00e9s y aient acc\u00e8s.<\/p>\n\n\n\n<p>Commentaires<br>Quand vous laissez un commentaire sur notre site web, les donn\u00e9es inscrites dans le formulaire de commentaire, mais aussi votre adresse IP et l\u2019agent utilisateur de votre navigateur sont collect\u00e9s pour nous aider \u00e0 la d\u00e9tection des commentaires ind\u00e9sirables.<\/p>\n\n\n\n<p>Une cha\u00eene anonymis\u00e9e cr\u00e9\u00e9e \u00e0 partir de votre adresse de messagerie (\u00e9galement appel\u00e9e hash) peut \u00eatre envoy\u00e9e au service Gravatar pour v\u00e9rifier si vous utilisez ce dernier. Les clauses de confidentialit\u00e9 du service Gravatar sont disponibles ici : https:\/\/automattic.com\/privacy\/. Apr\u00e8s validation de votre commentaire, votre photo de profil sera visible publiquement \u00e0 cot\u00e9 de votre commentaire.<\/p>\n\n\n\n<p>M\u00e9dias<br>Si vous \u00eates un utilisateur ou une utilisatrice enregistr\u00e9(e) et que vous t\u00e9l\u00e9versez des images sur le site web, nous vous conseillons d\u2019\u00e9viter de t\u00e9l\u00e9verser des images contenant des donn\u00e9es EXIF de coordonn\u00e9es GPS. Les visiteurs de votre site web peuvent t\u00e9l\u00e9charger et extraire des donn\u00e9es de localisation depuis ces images.<\/p>\n\n\n\n<p><strong>A<\/strong>nteros Immobiler s&rsquo;engage \u00e0 ce que les traitements de donn\u00e9es personnelles effectu\u00e9s sur notre site internet soient conformes au r\u00e8glement g\u00e9n\u00e9ral sur la protection des donn\u00e9es (RGPD) et \u00e0 la loi Informatique et Libert\u00e9s.<\/p>\n\n\n\n<p><strong>Politique de protection des donn\u00e9es :<\/strong><\/p>\n\n\n\n<p>Chaque service en ligne limite la collecte des donn\u00e9es personnelles au strict n\u00e9cessaire (minimisation des donn\u00e9es) et s\u2019accompagne d\u2019une information sur :<\/p>\n\n\n\n<ul class=\"wp-block-list\">\n<li>le responsable du traitement et les objectifs du recueil de ces donn\u00e9es (finalit\u00e9s) ;<\/li>\n\n\n\n<li>la base juridique du traitement de donn\u00e9es ;<\/li>\n\n\n\n<li>le caract\u00e8re obligatoire ou facultatif du recueil des donn\u00e9es pour la gestion de votre demande et le rappel des cat\u00e9gories de donn\u00e9es trait\u00e9es ;<\/li>\n\n\n\n<li>la source des donn\u00e9es (lorsque d\u2019autres donn\u00e9es que celles fournies via le service en ligne sont utilis\u00e9es pour le traitement de votre demande) ;<\/li>\n\n\n\n<li>les cat\u00e9gories de personnes concern\u00e9es ;<\/li>\n\n\n\n<li>les destinataires des donn\u00e9es (uniquement <strong>A<\/strong>nteros Immobilier en principe, sauf pr\u00e9cision lorsqu&rsquo;une transmission \u00e0 un tiers est n\u00e9cessaire) ;<\/li>\n\n\n\n<li>la dur\u00e9e de conservation des donn\u00e9es ;<\/li>\n\n\n\n<li>les mesures de s\u00e9curit\u00e9 (description g\u00e9n\u00e9rale) ;<\/li>\n\n\n\n<li>l\u2019existence \u00e9ventuelle de transferts de donn\u00e9es hors de l\u2019Union europ\u00e9enne ou de prises de d\u00e9cision automatis\u00e9es ;<\/li>\n\n\n\n<li><a href=\"https:\/\/www.cnil.fr\/fr\/comprendre-vos-droits\">vos droits Informatique et Libert\u00e9s<\/a>\u00a0et la fa\u00e7on de les exercer aupr\u00e8s de <strong>A<\/strong>nteros Immobilier.<\/li>\n<\/ul>\n\n\n\n<p>Les donn\u00e9es personnelles recueillies dans le cadre des services propos\u00e9s sur ce site internet<em>&nbsp;<\/em>sont trait\u00e9es selon des protocoles s\u00e9curis\u00e9s et permettent \u00e0 <strong>A<\/strong>nteros Immobilier<strong>&nbsp;<\/strong>de g\u00e9rer les demandes re\u00e7ues dans ses applications informatiques.<\/p>\n\n\n\n<p><strong>Exercez vos droits :<\/strong><\/p>\n\n\n\n<p>Pour toute information ou exercice de vos droits Informatique et Libert\u00e9s sur les traitements de donn\u00e9es personnelles g\u00e9r\u00e9s par <strong>A<\/strong>nteros Immobilier, vous pouvez contacter son d\u00e9l\u00e9gu\u00e9 \u00e0 la protection des donn\u00e9es (DPO) :<\/p>\n\n\n\n<ul class=\"wp-block-list\">\n<li>par ce formulaire<\/li>\n\n\n\n<li>ou par courrier (avec copie de votre pi\u00e8ce d\u2019identit\u00e9 en cas d&rsquo;exercice de vos droits)<\/li>\n<\/ul>\n\n\n\n<p><strong>A propos des cookies :<\/strong><\/p>\n\n\n\n<p>Nous utilisons diff\u00e9rents cookies sur le site pour am\u00e9liorer l\u2019interactivit\u00e9 du site et&nbsp; nos services.<\/p>\n\n\n\n<p><em>Qu&rsquo;est-ce qu&rsquo;un \u00ab\u00a0cookie\u00a0\u00bb ?<\/em><\/p>\n\n\n\n<p>Un \u00ab\u00a0<em>cookie<\/em>\u00a0\u00bb est une suite d&rsquo;informations, g\u00e9n\u00e9ralement de petite taille et identifi\u00e9 par un nom, qui peut \u00eatre transmis \u00e0 votre navigateur par un site web sur lequel vous vous connectez. Votre navigateur web le conservera pendant une certaine dur\u00e9e, et le renverra au serveur web chaque fois que vous vous y re-connecterez. Les&nbsp;<em>cookies<\/em>&nbsp;ont de multiples usages : ils peuvent servir \u00e0 m\u00e9moriser votre identifiant client aupr\u00e8s d&rsquo;un site marchand, le contenu courant de votre panier d&rsquo;achat, un identifiant permettant de tracer votre navigation pour des finalit\u00e9s statistiques ou publicitaires,&nbsp;<em>etc<\/em>.<\/p>\n\n\n\n<p><a href=\"https:\/\/www.cnil.fr\/fr\/cookies-les-outils-pour-les-maitriser\">&gt;En savoir plus sur les cookies, leur fonctionnement et les moyens de s\u2019y opposer<\/a><\/p>\n<\/div>\n<\/div>\n","protected":false},"excerpt":{"rendered":"<p>D\u00e9finition et nature des donn\u00e9es \u00e0 caract\u00e8re personnel Lors de votre utilisation de notre site, nous pouvons \u00eatre amen\u00e9s \u00e0 vous demander de nous communiquer des donn\u00e9es \u00e0 caract\u00e8re personnel vous concernant.Le terme \u00ab donn\u00e9es \u00e0 caract\u00e8re personnel \u00bb d\u00e9signe toutes les donn\u00e9es qui permettent d\u2019identifier un individu, ce qui correspond notamment \u00e0 vos nom, [&hellip;]<\/p>\n","protected":false},"author":1,"featured_media":0,"parent":0,"menu_order":0,"comment_status":"closed","ping_status":"closed","template":"","meta":{"footnotes":""},"class_list":["post-60","page","type-page","status-publish","hentry"],"_links":{"self":[{"href":"https:\/\/www.anteros-immobilier.fr\/index.php\/wp-json\/wp\/v2\/pages\/60","targetHints":{"allow":["GET"]}}],"collection":[{"href":"https:\/\/www.anteros-immobilier.fr\/index.php\/wp-json\/wp\/v2\/pages"}],"about":[{"href":"https:\/\/www.anteros-immobilier.fr\/index.php\/wp-json\/wp\/v2\/types\/page"}],"author":[{"embeddable":true,"href":"https:\/\/www.anteros-immobilier.fr\/index.php\/wp-json\/wp\/v2\/users\/1"}],"replies":[{"embeddable":true,"href":"https:\/\/www.anteros-immobilier.fr\/index.php\/wp-json\/wp\/v2\/comments?post=60"}],"version-history":[{"count":14,"href":"https:\/\/www.anteros-immobilier.fr\/index.php\/wp-json\/wp\/v2\/pages\/60\/revisions"}],"predecessor-version":[{"id":129,"href":"https:\/\/www.anteros-immobilier.fr\/index.php\/wp-json\/wp\/v2\/pages\/60\/revisions\/129"}],"wp:attachment":[{"href":"https:\/\/www.anteros-immobilier.fr\/index.php\/wp-json\/wp\/v2\/media?parent=60"}],"curies":[{"name":"wp","href":"https:\/\/api.w.org\/{rel}","templated":true}]}}